{"id":42,"date":"2025-12-11T12:54:30","date_gmt":"2025-12-11T11:54:30","guid":{"rendered":"https:\/\/enex-energieberatung.de\/?page_id=42"},"modified":"2026-02-09T16:17:40","modified_gmt":"2026-02-09T15:17:40","slug":"dienstleistungen","status":"publish","type":"page","link":"https:\/\/enex-energieberatung.de\/?page_id=42","title":{"rendered":"Dienstleistungen"},"content":{"rendered":"\t\t<div data-elementor-type=\"wp-page\" data-elementor-id=\"42\" class=\"elementor elementor-42\" data-elementor-post-type=\"page\">\n\t\t\t\t<div class=\"elementor-element elementor-element-762b9e7 e-flex e-con-boxed e-con e-parent\" data-id=\"762b9e7\" data-element_type=\"container\" data-e-type=\"container\">\n\t\t\t\t\t<div class=\"e-con-inner\">\n\t\t\t\t<div class=\"elementor-element elementor-element-4550552 elementor-widget elementor-widget-heading\" data-id=\"4550552\" data-element_type=\"widget\" data-e-type=\"widget\" data-widget_type=\"heading.default\">\n\t\t\t\t\t<h2 class=\"elementor-heading-title elementor-size-default\">Angebotene Dienstleistungen<\/h2>\t\t\t\t<\/div>\n\t\t\t\t<div class=\"elementor-element elementor-element-7ce7b8d elementor-widget elementor-widget-n-accordion\" data-id=\"7ce7b8d\" data-element_type=\"widget\" data-e-type=\"widget\" data-settings=\"{&quot;default_state&quot;:&quot;expanded&quot;,&quot;max_items_expended&quot;:&quot;one&quot;,&quot;n_accordion_animation_duration&quot;:{&quot;unit&quot;:&quot;ms&quot;,&quot;size&quot;:400,&quot;sizes&quot;:[]}}\" data-widget_type=\"nested-accordion.default\">\n\t\t\t\t\t\t\t<div class=\"e-n-accordion\" aria-label=\"Accordion. Open links with Enter or Space, close with Escape, and navigate with Arrow Keys\">\n\t\t\t\t\t\t<details id=\"e-n-accordion-item-1300\" class=\"e-n-accordion-item\" open>\n\t\t\t\t<summary class=\"e-n-accordion-item-title\" data-accordion-index=\"1\" tabindex=\"0\" aria-expanded=\"true\" aria-controls=\"e-n-accordion-item-1300\" >\n\t\t\t\t\t<span class='e-n-accordion-item-title-header'><div class=\"e-n-accordion-item-title-text\"> Energiekonzepte und Energieberatung f\u00fcr Ein- und Mehrfamilienh\u00e4user <\/div><\/span>\n\t\t\t\t\t\t\t<span class='e-n-accordion-item-title-icon'>\n\t\t\t<span class='e-opened' ><svg aria-hidden=\"true\" class=\"e-font-icon-svg e-fas-minus\" viewBox=\"0 0 448 512\" xmlns=\"http:\/\/www.w3.org\/2000\/svg\"><path d=\"M416 208H32c-17.67 0-32 14.33-32 32v32c0 17.67 14.33 32 32 32h384c17.67 0 32-14.33 32-32v-32c0-17.67-14.33-32-32-32z\"><\/path><\/svg><\/span>\n\t\t\t<span class='e-closed'><svg aria-hidden=\"true\" class=\"e-font-icon-svg e-fas-plus\" viewBox=\"0 0 448 512\" xmlns=\"http:\/\/www.w3.org\/2000\/svg\"><path d=\"M416 208H272V64c0-17.67-14.33-32-32-32h-32c-17.67 0-32 14.33-32 32v144H32c-17.67 0-32 14.33-32 32v32c0 17.67 14.33 32 32 32h144v144c0 17.67 14.33 32 32 32h32c17.67 0 32-14.33 32-32V304h144c17.67 0 32-14.33 32-32v-32c0-17.67-14.33-32-32-32z\"><\/path><\/svg><\/span>\n\t\t<\/span>\n\n\t\t\t\t\t\t<\/summary>\n\t\t\t\t<div role=\"region\" aria-labelledby=\"e-n-accordion-item-1300\" class=\"elementor-element elementor-element-29e315a e-con-full e-flex e-con e-child\" data-id=\"29e315a\" data-element_type=\"container\" data-e-type=\"container\">\n\t\t\t\t<div class=\"elementor-element elementor-element-4f2fb2d elementor-widget elementor-widget-text-editor\" data-id=\"4f2fb2d\" data-element_type=\"widget\" data-e-type=\"widget\" data-widget_type=\"text-editor.default\">\n\t\t\t\t\t\t\t\t\t<p><!--block-->Es gibt je nach Projektspezifikation verschiedene Beratungsformen bei der energetischen Sanierung. Manchmal reicht sogar die kostenfreie Erstberatung aus, um bei kleineren Projekten die notwendigen Informationen zu F\u00f6rderungen oder zu Konstruktionsdetails zu erfahren.<\/p><p>Zudem gibt es verschiedene Formen der Energieberatung, welche durch staatliche Zusch\u00fcsse gef\u00f6rdert werden. Zu diesen geh\u00f6rt unter anderem auch die freie Energieberatung mit vor Ort Besichtigung des Wohngeb\u00e4udes. Sprechen Sie mich gern darauf an.<\/p><p>Eine sehr umfangreiche Art der Energieberatung stellt die Erstellung eines individuellen Sanierungsfahrplanes dar. Die Bundesf\u00f6rderung Energieberatung f\u00fcr Wohngeb\u00e4ude (EBW) soll es Immobilienbesitzern erm\u00f6glichen, mithilfe einer qualifizierten Energieberatung das individuelle Potential zur Verbesserung der Energieeffizienz von Wohngeb\u00e4uden aufzuzeigen. Um eine entsprechende Unterst\u00fctzung zu liefern, kann auf eine F\u00f6rderung von bis zu 5<strong>0 Prozent<\/strong> der Kosten f\u00fcr die Energieberatung durch das BAFA (Bundesamt f\u00fcr Wirtschaft und Ausfuhr) zur\u00fcckgegriffen werden.\u00a0<br \/>Bedingung ist, dass der Bauantrag Ihres Wohngeb\u00e4udes\u00a0 mindestens 10 Jahre zur\u00fcck liegt und das Geb\u00e4ude \u00fcberwiegend zum Zwecke des Wohnens genutzt wird.<\/p><p><!--block-->Die Energieberatung beginnt ganz klassisch mit der Aufnahme des IST-Zustandes Ihres Geb\u00e4udes. Danach werden verschiedene Varianten der energetischen Sanierung untersucht und in einem Beratungsbericht zusammengefasst. Die Darstellung der Ergebnisse erfolgt dann \u00fcbersichtlich in Form eines individuellen Sanierungsfahrplanes (iSFP). Mithilfe des iSFP wird veranschaulicht, wie sich die Energieeffizienz Ihres Geb\u00e4udes bei Umsetzung der einzelnen Ma\u00dfnahmen, beginnend beim Ausgangszustand, schrittweise verbessert. Zudem k\u00f6nnen Sie durch die Erstellung eines iSFPs von h\u00f6heren F\u00f6rders\u00e4tzen bei ausgew\u00e4hlten Sanierungsma\u00dfnahmen profitieren. Es werden zudem verschiedene Varianten mit Ber\u00fccksichtigung der Investitionskosten und Einsparpotentialen betrachtet.<\/p><p><!--block-->Zu guter Letzt stelle ich Ihnen die Ergebnisse aus der energetischen Analyse in einem pers\u00f6nlichem Gespr\u00e4ch vor.<\/p>\t\t\t\t\t\t\t\t<\/div>\n\t\t\t\t<div class=\"elementor-element elementor-element-e90aeaa elementor-align-center elementor-widget elementor-widget-button\" data-id=\"e90aeaa\" data-element_type=\"widget\" data-e-type=\"widget\" data-widget_type=\"button.default\">\n\t\t\t\t\t\t\t\t\t\t<a class=\"elementor-button elementor-button-link elementor-size-sm\" href=\"https:\/\/enex-energieberatung.de\/?page_id=111\">\n\t\t\t\t\t\t<span class=\"elementor-button-content-wrapper\">\n\t\t\t\t\t\t\t\t\t<span class=\"elementor-button-text\">Kontakt aufnehmen<\/span>\n\t\t\t\t\t<\/span>\n\t\t\t\t\t<\/a>\n\t\t\t\t\t\t\t\t<\/div>\n\t\t\t\t<\/div>\n\t\t\t\t\t<\/details>\n\t\t\t\t\t\t<details id=\"e-n-accordion-item-1301\" class=\"e-n-accordion-item\" >\n\t\t\t\t<summary class=\"e-n-accordion-item-title\" data-accordion-index=\"2\" tabindex=\"-1\" aria-expanded=\"false\" aria-controls=\"e-n-accordion-item-1301\" >\n\t\t\t\t\t<span class='e-n-accordion-item-title-header'><div class=\"e-n-accordion-item-title-text\"> Fachplanung und Baubegleitung bei der energetischen Sanierung von Bestandsgeb\u00e4uden <\/div><\/span>\n\t\t\t\t\t\t\t<span class='e-n-accordion-item-title-icon'>\n\t\t\t<span class='e-opened' ><svg aria-hidden=\"true\" class=\"e-font-icon-svg e-fas-minus\" viewBox=\"0 0 448 512\" xmlns=\"http:\/\/www.w3.org\/2000\/svg\"><path d=\"M416 208H32c-17.67 0-32 14.33-32 32v32c0 17.67 14.33 32 32 32h384c17.67 0 32-14.33 32-32v-32c0-17.67-14.33-32-32-32z\"><\/path><\/svg><\/span>\n\t\t\t<span class='e-closed'><svg aria-hidden=\"true\" class=\"e-font-icon-svg e-fas-plus\" viewBox=\"0 0 448 512\" xmlns=\"http:\/\/www.w3.org\/2000\/svg\"><path d=\"M416 208H272V64c0-17.67-14.33-32-32-32h-32c-17.67 0-32 14.33-32 32v144H32c-17.67 0-32 14.33-32 32v32c0 17.67 14.33 32 32 32h144v144c0 17.67 14.33 32 32 32h32c17.67 0 32-14.33 32-32V304h144c17.67 0 32-14.33 32-32v-32c0-17.67-14.33-32-32-32z\"><\/path><\/svg><\/span>\n\t\t<\/span>\n\n\t\t\t\t\t\t<\/summary>\n\t\t\t\t<div role=\"region\" aria-labelledby=\"e-n-accordion-item-1301\" class=\"elementor-element elementor-element-369e8ac e-con-full e-flex e-con e-child\" data-id=\"369e8ac\" data-element_type=\"container\" data-e-type=\"container\">\n\t\t\t\t<div class=\"elementor-element elementor-element-79b254c elementor-widget elementor-widget-text-editor\" data-id=\"79b254c\" data-element_type=\"widget\" data-e-type=\"widget\" data-widget_type=\"text-editor.default\">\n\t\t\t\t\t\t\t\t\t<p><!--block-->Haben Sie sich f\u00fcr die Durchf\u00fchrung von gef\u00f6rderten energetischen Sanierungsma\u00dfnahmen entschieden, ist es entsprechend der Bundesf\u00f6rderung f\u00fcr effiziente Geb\u00e4ude (BEG) verpflichtend, die Ausf\u00fchrung der Arbeiten durch einen qualifizierten Energie-Effizienz-Experten begleiten zu lassen.<br \/>Ausnahme bildet hier lediglich die Installation von Heizungstechnik &#8211; hier best\u00e4tigt alternativ der Fachbetrieb die fachgerechte Installation der Anlage.\u00a0<br \/><br \/>Je nach gew\u00e4hlter Sanierungsvariante ist es erforderlich, bestimmte Detailplanungen durchzuf\u00fchren. Zu diesen Leistungen geh\u00f6ren unter anderem:<br \/><br \/><\/p><ul><li><!--block--><strong>Heizlastberechnung<\/strong> nach DIN EN 12831<\/li><li><!--block--><strong>W\u00e4rmebr\u00fcckennachweis<\/strong> nach DIN 4108<\/li><li><!--block--><strong>L\u00fcftungskonzepterstellung<\/strong> nach DIN 1946-6<\/li><li><!--block--><strong>Luftdichtheitskonzept sowie Luftdichtigkeitsmessung<\/strong> (BlowerDoor) mit Messprotokoll<\/li><\/ul><p><!--block--><br \/>Auf dem Weg zu einem energetisch effizienteren Geb\u00e4ude begleite ich Sie von Antragstellung bis zur Fertigstellung aller Arbeiten. Ich pr\u00fcfe die einzelnen Ma\u00dfnahmen auf Einhaltung aller f\u00f6rderrelevanten Vorgaben, stelle alle notwendigen Unterlagen zusammen und pr\u00fcfe durch stichprobenartige Besichtigungen vor Ort. Abschlie\u00dfend werden alle ben\u00f6tigten Unterlagen f\u00fcr Sie zusammengestellt, damit Sie die F\u00f6rderung abschlie\u00dfen und den F\u00f6rderbetrag erhalten k\u00f6nnen.<\/p>\t\t\t\t\t\t\t\t<\/div>\n\t\t\t\t<\/div>\n\t\t\t\t\t<\/details>\n\t\t\t\t\t\t<details id=\"e-n-accordion-item-1302\" class=\"e-n-accordion-item\" >\n\t\t\t\t<summary class=\"e-n-accordion-item-title\" data-accordion-index=\"3\" tabindex=\"-1\" aria-expanded=\"false\" aria-controls=\"e-n-accordion-item-1302\" >\n\t\t\t\t\t<span class='e-n-accordion-item-title-header'><div class=\"e-n-accordion-item-title-text\"> Ausstellung von Energieausweisen <\/div><\/span>\n\t\t\t\t\t\t\t<span class='e-n-accordion-item-title-icon'>\n\t\t\t<span class='e-opened' ><svg aria-hidden=\"true\" class=\"e-font-icon-svg e-fas-minus\" viewBox=\"0 0 448 512\" xmlns=\"http:\/\/www.w3.org\/2000\/svg\"><path d=\"M416 208H32c-17.67 0-32 14.33-32 32v32c0 17.67 14.33 32 32 32h384c17.67 0 32-14.33 32-32v-32c0-17.67-14.33-32-32-32z\"><\/path><\/svg><\/span>\n\t\t\t<span class='e-closed'><svg aria-hidden=\"true\" class=\"e-font-icon-svg e-fas-plus\" viewBox=\"0 0 448 512\" xmlns=\"http:\/\/www.w3.org\/2000\/svg\"><path d=\"M416 208H272V64c0-17.67-14.33-32-32-32h-32c-17.67 0-32 14.33-32 32v144H32c-17.67 0-32 14.33-32 32v32c0 17.67 14.33 32 32 32h144v144c0 17.67 14.33 32 32 32h32c17.67 0 32-14.33 32-32V304h144c17.67 0 32-14.33 32-32v-32c0-17.67-14.33-32-32-32z\"><\/path><\/svg><\/span>\n\t\t<\/span>\n\n\t\t\t\t\t\t<\/summary>\n\t\t\t\t<div role=\"region\" aria-labelledby=\"e-n-accordion-item-1302\" class=\"elementor-element elementor-element-ae0afb6 e-con-full e-flex e-con e-child\" data-id=\"ae0afb6\" data-element_type=\"container\" data-e-type=\"container\">\n\t\t\t\t<div class=\"elementor-element elementor-element-57d2c69 elementor-widget elementor-widget-text-editor\" data-id=\"57d2c69\" data-element_type=\"widget\" data-e-type=\"widget\" data-widget_type=\"text-editor.default\">\n\t\t\t\t\t\t\t\t\t<p>Bei der Ausstellung von Energieausweisen werden zwei Typen unterschieden. Dies ist zum einen der Verbrauchsausweis, welcher auf Grundlage der Energieverbr\u00e4uche aus den letzten 3 Jahren ausgestellt wird.<br \/>Die zweite Variante ist der Energiebedarfsausweis. Dieser ist umfangreicher und aussagekr\u00e4ftiger, da dieser eine Unabh\u00e4ngigkeit vom Nutzerverhalten aufweist. Dazu wird der IST-Zustand des Geb\u00e4udes zu einem vor-Ort Termin aufgenommen und dokumentiert. Anschlie\u00dfend erfolgt die Berechnung der Energieklasse, des Energiekennwerts, sowie des CO2-\u00c4quivalents des Geb\u00e4udes.<br \/>Abschlie\u00dfend wird der Energieausweis beim Deutschen Institut f\u00fcr Bautechnik (DIBt) registriert und der Ausweis an den Kunden \u00fcbermittelt.<\/p>\t\t\t\t\t\t\t\t<\/div>\n\t\t\t\t<\/div>\n\t\t\t\t\t<\/details>\n\t\t\t\t\t\t<details id=\"e-n-accordion-item-1303\" class=\"e-n-accordion-item\" >\n\t\t\t\t<summary class=\"e-n-accordion-item-title\" data-accordion-index=\"4\" tabindex=\"-1\" aria-expanded=\"false\" aria-controls=\"e-n-accordion-item-1303\" >\n\t\t\t\t\t<span class='e-n-accordion-item-title-header'><div class=\"e-n-accordion-item-title-text\"> Heizlastberechnung  <\/div><\/span>\n\t\t\t\t\t\t\t<span class='e-n-accordion-item-title-icon'>\n\t\t\t<span class='e-opened' ><svg aria-hidden=\"true\" class=\"e-font-icon-svg e-fas-minus\" viewBox=\"0 0 448 512\" xmlns=\"http:\/\/www.w3.org\/2000\/svg\"><path d=\"M416 208H32c-17.67 0-32 14.33-32 32v32c0 17.67 14.33 32 32 32h384c17.67 0 32-14.33 32-32v-32c0-17.67-14.33-32-32-32z\"><\/path><\/svg><\/span>\n\t\t\t<span class='e-closed'><svg aria-hidden=\"true\" class=\"e-font-icon-svg e-fas-plus\" viewBox=\"0 0 448 512\" xmlns=\"http:\/\/www.w3.org\/2000\/svg\"><path d=\"M416 208H272V64c0-17.67-14.33-32-32-32h-32c-17.67 0-32 14.33-32 32v144H32c-17.67 0-32 14.33-32 32v32c0 17.67 14.33 32 32 32h144v144c0 17.67 14.33 32 32 32h32c17.67 0 32-14.33 32-32V304h144c17.67 0 32-14.33 32-32v-32c0-17.67-14.33-32-32-32z\"><\/path><\/svg><\/span>\n\t\t<\/span>\n\n\t\t\t\t\t\t<\/summary>\n\t\t\t\t<div role=\"region\" aria-labelledby=\"e-n-accordion-item-1303\" class=\"elementor-element elementor-element-87e9805 e-flex e-con-boxed e-con e-child\" data-id=\"87e9805\" data-element_type=\"container\" data-e-type=\"container\">\n\t\t\t\t\t<div class=\"e-con-inner\">\n\t\t\t\t<div class=\"elementor-element elementor-element-fc14985 elementor-widget elementor-widget-text-editor\" data-id=\"fc14985\" data-element_type=\"widget\" data-e-type=\"widget\" data-widget_type=\"text-editor.default\">\n\t\t\t\t\t\t\t\t\t<p>Egal ob Sie Ihre bestehende Heizungsanlage mithilfe eines hydraulischen Abgleiches optimieren m\u00f6chten oder die Erneuerung Ihres Heizungssystems ansteht. Eine Heizlastberechnung ist die notwendige Ma\u00dfnahme f\u00fcr die Planung eines effizienten Heizungssystems.<\/p><p>Bei der Heizlastberechnung wird auf Basis der DIN EN 12831 der tats\u00e4chliche W\u00e4rmebedarf jedes Raumes unter Ber\u00fccksichtigung der festgelegten Rauminnentemperaturen ermittelt.<br \/>Bei der Berechnung werden die Lage des Geb\u00e4udes, die Bauweise der w\u00e4rme\u00fcbertragenden H\u00fcllfl\u00e4chen, sowie die Nutzung der einzelnen R\u00e4ume ber\u00fccksichtigt. Hierf\u00fcr werden ausreichende Planunterlagen Ihres Hauses ben\u00f6tigt. Sind keine Pl\u00e4ne vorhanden, k\u00f6nnen durch eine vor-Ort Besichtigung alle Informationen aufgenommen werden.<\/p><p>F\u00fcr die optimale Auslegung eines neuen W\u00e4rmeerzeugers, insbesondere einer W\u00e4rmepumpe, ist die Ermittlung der raumweisen Heizlast unumg\u00e4nglich. Sie erm\u00f6glicht eine Prognose der Effizienz der zuk\u00fcnftigen Heizungsanlage.<\/p>\t\t\t\t\t\t\t\t<\/div>\n\t\t\t\t\t<\/div>\n\t\t\t\t<\/div>\n\t\t\t\t\t<\/details>\n\t\t\t\t\t\t<details id=\"e-n-accordion-item-1304\" class=\"e-n-accordion-item\" >\n\t\t\t\t<summary class=\"e-n-accordion-item-title\" data-accordion-index=\"5\" tabindex=\"-1\" aria-expanded=\"false\" aria-controls=\"e-n-accordion-item-1304\" >\n\t\t\t\t\t<span class='e-n-accordion-item-title-header'><div class=\"e-n-accordion-item-title-text\"> Hydraulischer Abgleich <\/div><\/span>\n\t\t\t\t\t\t\t<span class='e-n-accordion-item-title-icon'>\n\t\t\t<span class='e-opened' ><svg aria-hidden=\"true\" class=\"e-font-icon-svg e-fas-minus\" viewBox=\"0 0 448 512\" xmlns=\"http:\/\/www.w3.org\/2000\/svg\"><path d=\"M416 208H32c-17.67 0-32 14.33-32 32v32c0 17.67 14.33 32 32 32h384c17.67 0 32-14.33 32-32v-32c0-17.67-14.33-32-32-32z\"><\/path><\/svg><\/span>\n\t\t\t<span class='e-closed'><svg aria-hidden=\"true\" class=\"e-font-icon-svg e-fas-plus\" viewBox=\"0 0 448 512\" xmlns=\"http:\/\/www.w3.org\/2000\/svg\"><path d=\"M416 208H272V64c0-17.67-14.33-32-32-32h-32c-17.67 0-32 14.33-32 32v144H32c-17.67 0-32 14.33-32 32v32c0 17.67 14.33 32 32 32h144v144c0 17.67 14.33 32 32 32h32c17.67 0 32-14.33 32-32V304h144c17.67 0 32-14.33 32-32v-32c0-17.67-14.33-32-32-32z\"><\/path><\/svg><\/span>\n\t\t<\/span>\n\n\t\t\t\t\t\t<\/summary>\n\t\t\t\t<div role=\"region\" aria-labelledby=\"e-n-accordion-item-1304\" class=\"elementor-element elementor-element-66779e1 e-flex e-con-boxed e-con e-child\" data-id=\"66779e1\" data-element_type=\"container\" data-e-type=\"container\">\n\t\t\t\t\t<div class=\"e-con-inner\">\n\t\t\t\t<div class=\"elementor-element elementor-element-b771f31 elementor-widget elementor-widget-text-editor\" data-id=\"b771f31\" data-element_type=\"widget\" data-e-type=\"widget\" data-widget_type=\"text-editor.default\">\n\t\t\t\t\t\t\t\t\t<p><!--block-->Mithilfe eines hydraulischen Abgleiches wird ermittelt, wie viel W\u00e4rmeleistung n\u00f6tig ist, um Wohnr\u00e4ume zu beheizen und die optimale Wassermenge und Vorlauftemperatur der Heizung eingestellt. Au\u00dferdem werden Pumpenleistung und Widerst\u00e4nde im Heizkreislauf errechnet, um sicherzustellen, dass von der Umw\u00e4lzpumpe zu den Heizk\u00f6rpern und zur\u00fcck genau die Wassermenge flie\u00dft, um alle R\u00e4ume im Haus gleichm\u00e4\u00dfig mit W\u00e4rme zu versorgen.<\/p><p><strong>F\u00fcr Mehrfamilienhausbesitzer mit einer Erdgas-Heizung<\/strong><br \/>Besitzer von Wohngeb\u00e4uden mit mindestens 6 Wohneinheiten und einer zentralen Erdgas-Heizung werden nach der &#8222;Verordnung zur Sicherung der Energieversorgung \u00fcber mittelfristig wirksame Ma\u00dfnahmen&#8220; verpflichtet, einen hydraulischen Abgleich Ihrer Heizungsanlage nach Verfahren B vorzunehmen.<br \/>Bis wann der hydraulische Abgleich durchgef\u00fchrt werden muss, richtet sich nach der Anzahl an Wohneinheiten im Geb\u00e4ude.<br \/>Geb\u00e4ude mit mindestens 10 Wohneinheiten sind bis zum 30.09.2023 abzugleichen.<br \/>Geb\u00e4ude mit mindestens 6 Wohneinheiten sind bis zum 15.09.2024 abzugleichen.<\/p><p>F\u00fcr die Umsetzung des hydraulischen Abgleiches nach Verfahren B muss vorab eine raumweise Heizlastberechnung durchgef\u00fchrt werden. Gern unterst\u00fctze ich Sie bei der Umsetzung des hydraulischen Abgleiches.<\/p>\t\t\t\t\t\t\t\t<\/div>\n\t\t\t\t\t<\/div>\n\t\t\t\t<\/div>\n\t\t\t\t\t<\/details>\n\t\t\t\t\t<\/div>\n\t\t\t\t\t\t<\/div>\n\t\t\t\t\t<\/div>\n\t\t\t\t<\/div>\n\t\t\t\t<\/div>\n\t\t","protected":false},"excerpt":{"rendered":"<p>Angebotene Dienstleistungen Energiekonzepte und Energieberatung f\u00fcr Ein- und Mehrfamilienh\u00e4user Es gibt je nach Projektspezifikation verschiedene Beratungsformen bei der energetischen Sanierung. Manchmal reicht sogar die kostenfreie Erstberatung aus, um bei kleineren Projekten die notwendigen Informationen zu F\u00f6rderungen oder zu Konstruktionsdetails zu erfahren. Zudem gibt es verschiedene Formen der Energieberatung, welche durch staatliche Zusch\u00fcsse gef\u00f6rdert werden. Zu [&hellip;]<\/p>\n","protected":false},"author":1,"featured_media":0,"parent":0,"menu_order":0,"comment_status":"closed","ping_status":"closed","template":"elementor_theme","meta":{"footnotes":""},"class_list":["post-42","page","type-page","status-publish","hentry"],"_links":{"self":[{"href":"https:\/\/enex-energieberatung.de\/index.php?rest_route=\/wp\/v2\/pages\/42","targetHints":{"allow":["GET"]}}],"collection":[{"href":"https:\/\/enex-energieberatung.de\/index.php?rest_route=\/wp\/v2\/pages"}],"about":[{"href":"https:\/\/enex-energieberatung.de\/index.php?rest_route=\/wp\/v2\/types\/page"}],"author":[{"embeddable":true,"href":"https:\/\/enex-energieberatung.de\/index.php?rest_route=\/wp\/v2\/users\/1"}],"replies":[{"embeddable":true,"href":"https:\/\/enex-energieberatung.de\/index.php?rest_route=%2Fwp%2Fv2%2Fcomments&post=42"}],"version-history":[{"count":10,"href":"https:\/\/enex-energieberatung.de\/index.php?rest_route=\/wp\/v2\/pages\/42\/revisions"}],"predecessor-version":[{"id":315,"href":"https:\/\/enex-energieberatung.de\/index.php?rest_route=\/wp\/v2\/pages\/42\/revisions\/315"}],"wp:attachment":[{"href":"https:\/\/enex-energieberatung.de\/index.php?rest_route=%2Fwp%2Fv2%2Fmedia&parent=42"}],"curies":[{"name":"wp","href":"https:\/\/api.w.org\/{rel}","templated":true}]}}