{"id":175,"date":"2026-01-21T12:08:15","date_gmt":"2026-01-21T11:08:15","guid":{"rendered":"https:\/\/enex-energieberatung.de\/?page_id=175"},"modified":"2026-01-21T15:52:58","modified_gmt":"2026-01-21T14:52:58","slug":"news-neustart-fuer-neubau-foerderung-bund-und-kfw-reaktivieren-eh-55-standard","status":"publish","type":"page","link":"https:\/\/enex-energieberatung.de\/?page_id=175","title":{"rendered":"News: Neustart f\u00fcr Neubau-F\u00f6rderung: Bund und KfW reaktivieren EH-55-Standard\u00a0"},"content":{"rendered":"\t\t<div data-elementor-type=\"wp-page\" data-elementor-id=\"175\" class=\"elementor elementor-175\" data-elementor-post-type=\"page\">\n\t\t\t\t<div class=\"elementor-element elementor-element-96739ad e-flex e-con-boxed e-con e-parent\" data-id=\"96739ad\" data-element_type=\"container\" data-e-type=\"container\">\n\t\t\t\t\t<div class=\"e-con-inner\">\n\t\t\t\t<div class=\"elementor-element elementor-element-cc32804 elementor-widget elementor-widget-text-editor\" data-id=\"cc32804\" data-element_type=\"widget\" data-e-type=\"widget\" data-widget_type=\"text-editor.default\">\n\t\t\t\t\t\t\t\t\t<h3 class=\"text-align-center\" style=\"text-align: center;\"><span style=\"color: #55c4bf;\">Neustart f\u00fcr Neubau-F\u00f6rderung: Bund und KfW reaktivieren EH-55-Standard\u00a0<\/span><\/h3><h3 style=\"text-align: center;\"><span style=\"color: #55c4bf;\">Gezielte Hilfe f\u00fcr den stockenden Wohnungsbau<\/span><\/h3><p style=\"text-align: center;\">Angesichts der Wohnraumknappheit haben das Bundesbauministerium (BMWSB) und die KfW ein neues Ma\u00dfnahmenpaket geschn\u00fcrt. Die F\u00f6rderung richtet sich gezielt an Projekte, die bereits weit fortgeschritten sind: Voraussetzung f\u00fcr den Antrag ist eine bereits vorliegende, g\u00fcltige Baugenehmigung. Damit soll sichergestellt werden, dass die Mittel direkt in den Bau flie\u00dfen und nicht in langwierigen Planungsphasen verharren.<\/p><h3 style=\"text-align: center;\"><span style=\"color: #55c4bf;\">Die Eckpunkte der neuen F\u00f6rderung im \u00dcberblick<\/span><\/h3><p style=\"text-align: center;\"><strong>F\u00f6rderstart:<\/strong>\u00a016. Dezember 2025.<\/p><p style=\"text-align: center;\"><strong>F\u00f6rderh\u00f6he:<\/strong>\u00a0Kredite bis zu 100.000 Euro pro Wohneinheit (f\u00fcr Wohngeb\u00e4ude) bzw. entsprechende F\u00f6rderung f\u00fcr Nichtwohngeb\u00e4ude.<\/p><p style=\"text-align: center;\"><strong>Konditionen:<\/strong>\u00a0Die Zinss\u00e4tze werden aus Bundesmitteln verbilligt und zum Starttermin am 16. Dezember bekannt gegeben. Die maximale Laufzeit betr\u00e4gt 35 Jahre bei einer Zinsbindung von bis zu 10 Jahren.<\/p><p style=\"text-align: center;\"><strong>Technische Anforderungen:<\/strong>\u00a0Das Geb\u00e4ude muss den Standard \u201eEffizienzhaus 55\u201c erreichen.<\/p><p style=\"text-align: center;\"><strong>Klimaschutz-Fokus:<\/strong>\u00a0Eine F\u00f6rderung erfolgt nur, wenn das Geb\u00e4ude ausschlie\u00dflich auf Basis erneuerbarer Energien beheizt wird. Fossile Heizsysteme sind ausgeschlossen.<\/p><p style=\"text-align: center;\"><strong>Zuschuss-Option:<\/strong>\u00a0Kommunale Gebietsk\u00f6rperschaften k\u00f6nnen alternativ einen direkten Investitionszuschuss in H\u00f6he von 5 Prozent beantragen.<\/p><h3 style=\"text-align: center;\"><span style=\"color: #55c4bf;\">Fokus auf Klimaschutz und Bezahlbarkeit<\/span><\/h3><p style=\"text-align: center;\">Melanie Kehr, Vorst\u00e4ndin der KfW, betont die doppelte Hebelwirkung der Ma\u00dfnahme: \u201eMit der Wiederaufnahme der EH-55-F\u00f6rderung tragen wir dazu bei, dass sich Neubau finanziell tr\u00e4gt und z\u00fcgig mehr dringend ben\u00f6tigter Wohnraum entsteht.\u201c Durch den verpflichtenden Einsatz erneuerbarer Energien werde zudem sichergestellt, dass die Nebenkosten langfristig bezahlbar bleiben und die nationalen Klimaziele im Geb\u00e4udesektor erreicht werden.<\/p><h3 style=\"text-align: center;\"><span style=\"color: #55c4bf;\">Wichtige Fristen f\u00fcr Bauherren<\/span><\/h3><p style=\"text-align: center;\">Interessierte Investoren und Privatpersonen sollten beachten, dass die F\u00f6rderung\u00a0<strong>nicht r\u00fcckwirkend<\/strong>\u00a0gew\u00e4hrt wird. Kauf- oder Leistungsvertr\u00e4ge d\u00fcrfen erst ab dem Tag des F\u00f6rderstarts (16.12.2025) abgeschlossen werden. Auch der tats\u00e4chliche Baubeginn (der \u201eerste Spatenstich\u201c) darf erst nach diesem Datum erfolgen.<\/p><p style=\"text-align: center;\">Da die Mittel befristet sind, empfiehlt sich eine fr\u00fchzeitige Vorbereitung mit der Hausbank. Ein Rechtsanspruch auf die F\u00f6rderung besteht nicht.\u00a0<\/p>\t\t\t\t\t\t\t\t<\/div>\n\t\t\t\t\t<\/div>\n\t\t\t\t<\/div>\n\t\t\t\t<\/div>\n\t\t","protected":false},"excerpt":{"rendered":"<p>Neustart f\u00fcr Neubau-F\u00f6rderung: Bund und KfW reaktivieren EH-55-Standard\u00a0 Gezielte Hilfe f\u00fcr den stockenden Wohnungsbau Angesichts der Wohnraumknappheit haben das Bundesbauministerium (BMWSB) und die KfW ein neues Ma\u00dfnahmenpaket geschn\u00fcrt. Die F\u00f6rderung richtet sich gezielt an Projekte, die bereits weit fortgeschritten sind: Voraussetzung f\u00fcr den Antrag ist eine bereits vorliegende, g\u00fcltige Baugenehmigung. Damit soll sichergestellt werden, dass [&hellip;]<\/p>\n","protected":false},"author":1,"featured_media":0,"parent":0,"menu_order":0,"comment_status":"closed","ping_status":"closed","template":"","meta":{"footnotes":""},"class_list":["post-175","page","type-page","status-publish","hentry"],"_links":{"self":[{"href":"https:\/\/enex-energieberatung.de\/index.php?rest_route=\/wp\/v2\/pages\/175","targetHints":{"allow":["GET"]}}],"collection":[{"href":"https:\/\/enex-energieberatung.de\/index.php?rest_route=\/wp\/v2\/pages"}],"about":[{"href":"https:\/\/enex-energieberatung.de\/index.php?rest_route=\/wp\/v2\/types\/page"}],"author":[{"embeddable":true,"href":"https:\/\/enex-energieberatung.de\/index.php?rest_route=\/wp\/v2\/users\/1"}],"replies":[{"embeddable":true,"href":"https:\/\/enex-energieberatung.de\/index.php?rest_route=%2Fwp%2Fv2%2Fcomments&post=175"}],"version-history":[{"count":7,"href":"https:\/\/enex-energieberatung.de\/index.php?rest_route=\/wp\/v2\/pages\/175\/revisions"}],"predecessor-version":[{"id":261,"href":"https:\/\/enex-energieberatung.de\/index.php?rest_route=\/wp\/v2\/pages\/175\/revisions\/261"}],"wp:attachment":[{"href":"https:\/\/enex-energieberatung.de\/index.php?rest_route=%2Fwp%2Fv2%2Fmedia&parent=175"}],"curies":[{"name":"wp","href":"https:\/\/api.w.org\/{rel}","templated":true}]}}